{"id":4481,"date":"2023-03-28T08:19:52","date_gmt":"2023-03-28T05:19:52","guid":{"rendered":"https:\/\/dvarakacity.com\/contact\/"},"modified":"2024-05-02T19:34:15","modified_gmt":"2024-05-02T16:34:15","slug":"contact","status":"publish","type":"page","link":"https:\/\/dvarakacity.com\/en\/contact\/","title":{"rendered":"Contact"},"content":{"rendered":"\t\t<div data-elementor-type=\"wp-page\" data-elementor-id=\"4481\" class=\"elementor elementor-4481 elementor-274\">\n\t\t\t\t\t\t<section class=\"elementor-section elementor-top-section elementor-element elementor-element-d6b68d5 elementor-section-full_width elementor-section-height-default elementor-section-height-default\" data-id=\"d6b68d5\" data-element_type=\"section\">\n\t\t\t\t\t\t<div class=\"elementor-container elementor-column-gap-no\">\n\t\t\t\t\t<div class=\"elementor-column elementor-col-100 elementor-top-column elementor-element elementor-element-1dc350c\" data-id=\"1dc350c\" data-element_type=\"column\">\n\t\t\t<div class=\"elementor-widget-wrap elementor-element-populated\">\n\t\t\t\t\t\t<div class=\"elementor-element elementor-element-bb34121 elementor-widget elementor-widget-govity-contact-info\" data-id=\"bb34121\" data-element_type=\"widget\" data-widget_type=\"govity-contact-info.default\">\n\t\t\t\t<div class=\"elementor-widget-container\">\n\t\t\t    <!--Contact Page Start-->\r\n    <section class=\"contact-page\">\r\n        <div class=\"container\">\r\n            <div class=\"contact-page__top\">\r\n                <div class=\"row\">\r\n                    <div class=\"col-xl-6 col-lg-6\">\r\n                        <div class=\"contact-page__left\">\r\n                            <div class=\"contact-page__img-box\">\r\n                                <div class=\"contact-page__img\">\r\n                                    <img decoding=\"async\" src=\"https:\/\/dvarakacity.com\/wp-content\/uploads\/2023\/10\/Dvaraka-5-1.png\" alt=\"Dvaraka (5)\" title=\"Dvaraka (5)\" >                                <\/div>\r\n                            <\/div>\r\n                        <\/div>\r\n                    <\/div>\r\n                    <div class=\"col-xl-6 col-lg-6\">\r\n                        <div class=\"contact-page__right\">\r\n                            <div class=\"section-title text-left\">\r\n                                <div class=\"section-title__icon\">\r\n                                    <span aria-hidden=\"true\" class=\"   icon-lotus\"><\/span>                                <\/div>\r\n                                <span class=\"section-title__tagline\">Dvaraka City<\/span><h2 class=\"section-title__title\">Contact Us<\/h2>                            <\/div>\r\n                            <p class=\"contact-page__text\">Do you have any questions? Want to contribute and become a team member? You can always contact us.<\/p>                            <ul class=\"list-unstyled contact-page__contact-list ml-0\">\r\n                                                                    <li>\r\n                                        <div class=\"icon\">\r\n                                            <span aria-hidden=\"true\" class=\"  icon-telephone\"><\/span>                                        <\/div>\r\n                                        <div class=\"content\">\r\n                                            <p class=\"\">Have a Question?<\/p>                                            <h4 class=\"\"><a href=\"tel:+370 646 41306\"><span><\/span> +370 646 41306<\/a><\/h4>                                        <\/div>\r\n                                    <\/li>\r\n                                                                    <li>\r\n                                        <div class=\"icon\">\r\n                                            <span aria-hidden=\"true\" class=\"   icon-email\"><\/span>                                        <\/div>\r\n                                        <div class=\"content\">\r\n                                            <p class=\" \">Write an E-mail<\/p>                                            <h4 class=\" \"><a href=\"city@dvaraka.lt\">city@dvaraka.lt<\/a><\/h4>                                        <\/div>\r\n                                    <\/li>\r\n                                                                    <li>\r\n                                        <div class=\"icon\">\r\n                                            <span aria-hidden=\"true\" class=\"   icon-pin\"><\/span>                                        <\/div>\r\n                                        <div class=\"content\">\r\n                                            <p class=\"  \">Visit us<\/p>                                            <h4 class=\"  \">WQ6H+W5H Niauri\u0161k\u0117s, Kai\u0161iadorys d.<\/h4>                                        <\/div>\r\n                                    <\/li>\r\n                                                            <\/ul>\r\n                        <\/div>\r\n                    <\/div>\r\n                <\/div>\r\n            <\/div>\r\n            <div class=\"contact-page__bottom\">\r\n                <div class=\"contact-page__bottom-left\">\r\n                    <div class=\"contact-page__bottom-icon\">\r\n                        <span aria-hidden=\"true\" class=\"  icon-clock\"><\/span>                    <\/div>\r\n                    <ul class=\"contact-page__bottom-content list-unstyled ml-0\">\r\n                                                    <li>\r\n                                <span class=\"   \">I-V<\/span><p class=\"\">09:00- 17:00<\/p>                            <\/li>\r\n                                            <\/ul>\r\n                <\/div>\r\n                <div class=\"contact-page__bottom-right\">\r\n                    <div class=\"contact-page__social\">\r\n                        <div class=\"contact-page__social-shape-1 float-bob-x\">\r\n                            <img decoding=\"async\" src=\"https:\/\/dvarakacity.com\/wp-content\/uploads\/2023\/03\/contact-page-shape-1.png\" alt=\"contact-page-shape-1\" title=\"contact-page-shape-1\" >                        <\/div>\r\n                        <span class=\"\">Social Media<\/span>                                                    <a   href=\"https:\/\/www.facebook.com\/dvaraka.lt\"><i aria-hidden=\"true\" class=\"  fab fa-facebook-f\"><\/i><\/a>\r\n                                                    <a   href=\"https:\/\/www.youtube.com\/@DvarakaMiestas\"><i aria-hidden=\"true\" class=\"  fab fa-youtube\"><\/i><\/a>\r\n                                                    <a   href=\"tel:+370%20646%2041306\"><i aria-hidden=\"true\" class=\"   icon-phone-call-1\"><\/i><\/a>\r\n                                            <\/div>\r\n                <\/div>\r\n            <\/div>\r\n        <\/div>\r\n    <\/section>\r\n    <!--Contact Page End-->\r\n\r\n\t\t<\/div>\n\t\t\t\t<\/div>\n\t\t\t\t\t<\/div>\n\t\t<\/div>\n\t\t\t\t\t<\/div>\n\t\t<\/section>\n\t\t\t\t<section class=\"elementor-section elementor-top-section elementor-element elementor-element-8b6bc9c elementor-section-full_width elementor-section-height-default elementor-section-height-default\" data-id=\"8b6bc9c\" data-element_type=\"section\">\n\t\t\t\t\t\t<div class=\"elementor-container elementor-column-gap-no\">\n\t\t\t\t\t<div class=\"elementor-column elementor-col-100 elementor-top-column elementor-element elementor-element-d4903ff\" data-id=\"d4903ff\" data-element_type=\"column\">\n\t\t\t<div class=\"elementor-widget-wrap elementor-element-populated\">\n\t\t\t\t\t\t<div class=\"elementor-element elementor-element-3d882c2 elementor-widget elementor-widget-govity-google-maps\" data-id=\"3d882c2\" data-element_type=\"widget\" data-widget_type=\"govity-google-maps.default\">\n\t\t\t\t<div class=\"elementor-widget-container\">\n\t\t\t\t\t<section class=\"google-map\">\r\n\t\t<iframe src=\"https:\/\/maps.google.com\/maps?q=WQ6H%2BW5H%20Niauri%C5%A1k%C4%97s%2C%20Kai%C5%A1iadorys%20District%20Municipality&#038;t=m&#038;z=9&#038;output=embed&#038;iwloc=near\" title=\"WQ6H+W5H Niauri\u0161k\u0117s, Kai\u0161iadorys District Municipality\" class=\"google-map__one\" aria-label=\"WQ6H+W5H Niauri\u0161k\u0117s, Kai\u0161iadorys District Municipality\" allowfullscreen><\/iframe>\r\n\t<\/section>\r\n\r\n\t\t<\/div>\n\t\t\t\t<\/div>\n\t\t\t\t\t<\/div>\n\t\t<\/div>\n\t\t\t\t\t<\/div>\n\t\t<\/section>\n\t\t\t\t<section class=\"elementor-section elementor-top-section elementor-element elementor-element-0e92a40 elementor-section-full_width elementor-section-height-default elementor-section-height-default\" data-id=\"0e92a40\" data-element_type=\"section\">\n\t\t\t\t\t\t<div class=\"elementor-container elementor-column-gap-no\">\n\t\t\t\t\t<div class=\"elementor-column elementor-col-100 elementor-top-column elementor-element elementor-element-1b1241f\" data-id=\"1b1241f\" data-element_type=\"column\">\n\t\t\t<div class=\"elementor-widget-wrap elementor-element-populated\">\n\t\t\t\t\t\t<div class=\"elementor-element elementor-element-3a7d8f5 elementor-widget elementor-widget-govity-contact-form\" data-id=\"3a7d8f5\" data-element_type=\"widget\" data-widget_type=\"govity-contact-form.default\">\n\t\t\t\t<div class=\"elementor-widget-container\">\n\t\t\t\r\n\t<!--Contact One Start-->\r\n\t<section class=\"contact-one\">\r\n\t\t<div class=\"contact-one__bg\" style=\"background-image: url(https:\/\/dvarakacity.com\/wp-content\/uploads\/2023\/10\/Forumas-6.png);\">\r\n\t\t<\/div>\r\n\t\t<div class=\"container\">\r\n\t\t\t<div class=\"section-title text-center\">\r\n\t\t\t\t<div class=\"section-title__icon\">\r\n\t\t\t\t\t<span aria-hidden=\"true\" class=\"   icon-lotus\"><\/span>\t\t\t\t<\/div>\r\n\t\t\t\t<span class=\"section-title__tagline\">Get in touch<\/span><h2 class=\"section-title__title\">Have a Question? <br> Contact Us<\/h2>\t\t\t<\/div>\r\n\t\t\t<div class=\"contact-one__form-box\">\r\n\t\t\t\t<div class=\"wpcf7 no-js\" id=\"wpcf7-f5217-o1\" lang=\"en-US\" dir=\"ltr\">\n<div class=\"screen-reader-response\"><p role=\"status\" aria-live=\"polite\" aria-atomic=\"true\"><\/p> <ul><\/ul><\/div>\n<form action=\"\/en\/wp-json\/wp\/v2\/pages\/4481#wpcf7-f5217-o1\" method=\"post\" class=\"wpcf7-form init\" aria-label=\"Contact form\" novalidate=\"novalidate\" data-status=\"init\">\n<div style=\"display: none;\">\n<input type=\"hidden\" name=\"_wpcf7\" value=\"5217\" \/>\n<input type=\"hidden\" name=\"_wpcf7_version\" value=\"5.9.8\" \/>\n<input type=\"hidden\" name=\"_wpcf7_locale\" value=\"en_US\" \/>\n<input type=\"hidden\" name=\"_wpcf7_unit_tag\" value=\"wpcf7-f5217-o1\" \/>\n<input type=\"hidden\" name=\"_wpcf7_container_post\" value=\"0\" \/>\n<input type=\"hidden\" name=\"_wpcf7_posted_data_hash\" value=\"\" \/>\n<input type=\"hidden\" name=\"_wpcf7_recaptcha_response\" value=\"\" \/>\n<\/div>\n<div class=\"row\">\n   <div class=\"col-xl-12\">\n        <div class=\"contact-form-box__input-box\">\n            <span class=\"wpcf7-form-control-wrap\" data-name=\"text-904\"><input size=\"40\" maxlength=\"400\" class=\"wpcf7-form-control wpcf7-text wpcf7-validates-as-required\" aria-required=\"true\" aria-invalid=\"false\" placeholder=\"Name\" value=\"\" type=\"text\" name=\"text-904\" \/><\/span>\n        <\/div>\n    <\/div>\n    <div class=\"col-xl-12\">\n        <div class=\"contact-form-box__input-box\">\n            <span class=\"wpcf7-form-control-wrap\" data-name=\"text-528\"><input size=\"40\" maxlength=\"400\" class=\"wpcf7-form-control wpcf7-text wpcf7-validates-as-required\" aria-required=\"true\" aria-invalid=\"false\" placeholder=\"E-mail\" value=\"\" type=\"text\" name=\"text-528\" \/><\/span>\n        <\/div>\n    <\/div>\n    <div class=\"col-xl-12\">\n        <div class=\"contact-form-box__input-box text-message-box\">\n            <span class=\"wpcf7-form-control-wrap\" data-name=\"textarea-413\"><textarea cols=\"40\" rows=\"10\" maxlength=\"2000\" class=\"wpcf7-form-control wpcf7-textarea wpcf7-validates-as-required\" aria-required=\"true\" aria-invalid=\"false\" placeholder=\"Message\" name=\"textarea-413\"><\/textarea><\/span>\n        <\/div>\n<span class=\"wpcf7-form-control-wrap recaptcha\" data-name=\"recaptcha\"><span data-sitekey=\"6LeGgM4pAAAAAKVrPUgwOczG3UhhTocIsvCN_21p\" class=\"wpcf7-form-control wpcf7-recaptcha g-recaptcha\"><\/span>\r\n<noscript>\r\n\t<div class=\"grecaptcha-noscript\">\r\n\t\t<iframe src=\"https:\/\/www.google.com\/recaptcha\/api\/fallback?k=6LeGgM4pAAAAAKVrPUgwOczG3UhhTocIsvCN_21p\" frameborder=\"0\" scrolling=\"no\" width=\"310\" height=\"430\">\r\n\t\t<\/iframe>\r\n\t\t<textarea name=\"g-recaptcha-response\" rows=\"3\" cols=\"40\" placeholder=\"reCaptcha Response Here\">\r\n\t\t<\/textarea>\r\n\t<\/div>\r\n<\/noscript>\r\n<\/span><br>\n        <div class=\"contact-form-box__btn-box\">\n            <button type=\"submit\" class=\"thm-btn contact-form-box__btn\">Submit<\/button>\n        <\/div>\n    <\/div>\n<\/div><div class=\"wpcf7-response-output\" aria-hidden=\"true\"><\/div>\n<\/form>\n<\/div>\t\t\t<\/div>\r\n\t\t<\/div>\r\n\t<\/section>\r\n\t<!--Contact One End-->\r\n\r\n\t\t<\/div>\n\t\t\t\t<\/div>\n\t\t\t\t\t<\/div>\n\t\t<\/div>\n\t\t\t\t\t<\/div>\n\t\t<\/section>\n\t\t\t\t<\/div>\n\t\t","protected":false},"excerpt":{"rendered":"<p>Dvaraka City Contact Us Do you have any questions? Want to contribute and become a team member? You can always contact us. Have a Question? +370 646 41306 Write an E-mail city@dvaraka.lt Visit us WQ6H+W5H Niauri\u0161k\u0117s, Kai\u0161iadorys d. I-V 09:00- 17:00 Social Media Get in touch Have a Question? Contact Us Submit<\/p>\n","protected":false},"author":1,"featured_media":0,"parent":0,"menu_order":0,"comment_status":"closed","ping_status":"closed","template":"elementor_header_footer","meta":{"_monsterinsights_skip_tracking":false,"_monsterinsights_sitenote_active":false,"_monsterinsights_sitenote_note":"","_monsterinsights_sitenote_category":0,"footnotes":""},"class_list":["post-4481","page","type-page","status-publish","hentry"],"aioseo_notices":[],"_links":{"self":[{"href":"https:\/\/dvarakacity.com\/en\/wp-json\/wp\/v2\/pages\/4481"}],"collection":[{"href":"https:\/\/dvarakacity.com\/en\/wp-json\/wp\/v2\/pages"}],"about":[{"href":"https:\/\/dvarakacity.com\/en\/wp-json\/wp\/v2\/types\/page"}],"author":[{"embeddable":true,"href":"https:\/\/dvarakacity.com\/en\/wp-json\/wp\/v2\/users\/1"}],"replies":[{"embeddable":true,"href":"https:\/\/dvarakacity.com\/en\/wp-json\/wp\/v2\/comments?post=4481"}],"version-history":[{"count":20,"href":"https:\/\/dvarakacity.com\/en\/wp-json\/wp\/v2\/pages\/4481\/revisions"}],"predecessor-version":[{"id":5220,"href":"https:\/\/dvarakacity.com\/en\/wp-json\/wp\/v2\/pages\/4481\/revisions\/5220"}],"wp:attachment":[{"href":"https:\/\/dvarakacity.com\/en\/wp-json\/wp\/v2\/media?parent=4481"}],"curies":[{"name":"wp","href":"https:\/\/api.w.org\/{rel}","templated":true}]}}